{"id":31,"date":"2012-04-07T10:57:10","date_gmt":"2012-04-07T13:57:10","guid":{"rendered":"http:\/\/tclservicios.com.ar\/?page_id=31"},"modified":"2016-02-01T15:12:56","modified_gmt":"2016-02-01T18:12:56","slug":"servicios","status":"publish","type":"page","link":"https:\/\/tclservicios.com.ar\/?page_id=31","title":{"rendered":"Servicios"},"content":{"rendered":"<h1 style=\"text-align: left;\"><strong>Seguimiento Satelital Veh\u00edcular<\/strong><\/h1>\n<p style=\"text-align: left;\"><img loading=\"lazy\" decoding=\"async\" class=\"alignnone size-medium wp-image-241\" title=\"Seg 1\" src=\"http:\/\/tclservicios.com.ar\/wp-content\/uploads\/2012\/06\/1307626521_214383427_4-Venta-sistema-Monitoreo-Satelital-GPS-Compra-Venta-300x165.jpg\" alt=\"\" width=\"300\" height=\"165\" srcset=\"https:\/\/tclservicios.com.ar\/wp-content\/uploads\/2012\/06\/1307626521_214383427_4-Venta-sistema-Monitoreo-Satelital-GPS-Compra-Venta-300x165.jpg 300w, https:\/\/tclservicios.com.ar\/wp-content\/uploads\/2012\/06\/1307626521_214383427_4-Venta-sistema-Monitoreo-Satelital-GPS-Compra-Venta.jpg 625w\" sizes=\"auto, (max-width: 300px) 100vw, 300px\" \/><\/p>\n<p style=\"text-align: left;\">A\u00a0trav\u00e9s de nuestro sistema, que combina las tecnolog\u00edas GSM y\u00a0GPS con Internet, le permite en forma sencilla y \u00e1gil monitorear y localizar sus veh\u00edculos, bienes y personas, en cualquier lugar del mundo durante las 24 horas del d\u00eda, los 365 d\u00edas del a\u00f1o.<\/p>\n<p style=\"text-align: left;\"><strong>\u00a0<a href='http:\/\/tclservicios.com.ar\/?p=95' class='small-button smallsilver'><span>leer m\u00e1s<\/span><\/a><\/strong><\/p>\n<p>&nbsp;<\/p>\n<h1 style=\"text-align: left;\"><strong>Internet Inal\u00e1mbrico<\/strong><\/h1>\n<p><a href=\"http:\/\/tclservicios.com.ar\/wp-content\/uploads\/2012\/05\/images.jpg\"><img loading=\"lazy\" decoding=\"async\" class=\"wp-image-160 alignleft\" title=\"Inal 1\" src=\"http:\/\/tclservicios.com.ar\/wp-content\/uploads\/2012\/05\/images.jpg\" alt=\"\" width=\"176\" height=\"160\" srcset=\"https:\/\/tclservicios.com.ar\/wp-content\/uploads\/2012\/05\/images.jpg 363w, https:\/\/tclservicios.com.ar\/wp-content\/uploads\/2012\/05\/images-300x273.jpg 300w\" sizes=\"auto, (max-width: 176px) 100vw, 176px\" \/><\/a><\/p>\n<p>&nbsp;<\/p>\n<p>&nbsp;<\/p>\n<p>&nbsp;<\/p>\n<p>&nbsp;<\/p>\n<p>&nbsp;<\/p>\n<p>El sistema de INTERNET INALAMBRICO funciona cuando nuestros clientes se conectan en forma remota v\u00eda microondas a nuestras antenas nodos receptoras, las que est\u00e1n distribuidas en distintos barrios de la ciudad para llegar a lugares donde las fibras \u00f3pticas de las grandes empresas NO LLEGAN<\/p>\n<p><strong>\u00a0<a href='http:\/\/tclservicios.com.ar\/?p=67' class='small-button smallsilver'><span>leer m\u00e1s<\/span><\/a><\/strong><\/p>\n<p>&nbsp;<\/p>\n<h1><strong>WiFi a Bordo<br \/>\n<\/strong><\/h1>\n<p><strong><a href=\"http:\/\/tclservicios.com.ar\/wp-content\/uploads\/2012\/05\/shutterstock_52491649.jpg\"><img loading=\"lazy\" decoding=\"async\" title=\"Wi 1\" src=\"http:\/\/tclservicios.com.ar\/wp-content\/uploads\/2012\/05\/shutterstock_52491649.jpg\" alt=\"\" width=\"207\" height=\"174\" \/><\/a><\/strong><\/p>\n<p><strong>TCL Servicios Tecnol\u00f3gicos<\/strong> le permite establecer una red inal\u00e1mbrica dentro de cualquier veh\u00edculo para brindar internet a sus pasajeros utilizando la tecnolog\u00eda 3G.<\/p>\n<p><strong><strong><strong>\u00a0<a href='http:\/\/tclservicios.com.ar\/?p=54' class='small-button smallsilver'><span>leer m\u00e1s<\/span><\/a><\/strong><\/strong><\/strong><\/p>\n<p>&nbsp;<\/p>\n","protected":false},"excerpt":{"rendered":"<p>Seguimiento Satelital Veh\u00edcular A\u00a0trav\u00e9s de nuestro sistema, que combina las tecnolog\u00edas GSM y\u00a0GPS con Internet, le permite en forma sencilla y \u00e1gil monitorear y localizar sus veh\u00edculos, bienes y personas, en cualquier lugar del mundo durante las 24 horas del d\u00eda, los 365 d\u00edas del a\u00f1o. \u00a0 &nbsp; Internet Inal\u00e1mbrico &nbsp; &nbsp; &nbsp; &nbsp; &nbsp; [&hellip;]<\/p>\n","protected":false},"author":3,"featured_media":0,"parent":0,"menu_order":0,"comment_status":"closed","ping_status":"closed","template":"","meta":{"footnotes":""},"class_list":["post-31","page","type-page","status-publish","hentry"],"aioseo_notices":[],"_links":{"self":[{"href":"https:\/\/tclservicios.com.ar\/index.php?rest_route=\/wp\/v2\/pages\/31","targetHints":{"allow":["GET"]}}],"collection":[{"href":"https:\/\/tclservicios.com.ar\/index.php?rest_route=\/wp\/v2\/pages"}],"about":[{"href":"https:\/\/tclservicios.com.ar\/index.php?rest_route=\/wp\/v2\/types\/page"}],"author":[{"embeddable":true,"href":"https:\/\/tclservicios.com.ar\/index.php?rest_route=\/wp\/v2\/users\/3"}],"replies":[{"embeddable":true,"href":"https:\/\/tclservicios.com.ar\/index.php?rest_route=%2Fwp%2Fv2%2Fcomments&post=31"}],"version-history":[{"count":55,"href":"https:\/\/tclservicios.com.ar\/index.php?rest_route=\/wp\/v2\/pages\/31\/revisions"}],"predecessor-version":[{"id":404,"href":"https:\/\/tclservicios.com.ar\/index.php?rest_route=\/wp\/v2\/pages\/31\/revisions\/404"}],"wp:attachment":[{"href":"https:\/\/tclservicios.com.ar\/index.php?rest_route=%2Fwp%2Fv2%2Fmedia&parent=31"}],"curies":[{"name":"wp","href":"https:\/\/api.w.org\/{rel}","templated":true}]}}