{"id":262,"date":"2012-06-01T10:15:58","date_gmt":"2012-06-01T13:15:58","guid":{"rendered":"http:\/\/tclservicios.com.ar\/inicio\/?page_id=262"},"modified":"2016-02-01T15:13:22","modified_gmt":"2016-02-01T18:13:22","slug":"productos","status":"publish","type":"page","link":"https:\/\/tclservicios.com.ar\/?page_id=262","title":{"rendered":"Productos"},"content":{"rendered":"<h1><span style=\"color: #339966;\">GPS &#8211; AVL<\/span><\/h1>\n<p>La unidad GPS AVL es un dispositivo de monitoreo que adiciona seguridad y capacidad de seguimiento a cualquier activo portable<a href=\"http:\/\/tclservicios.com.ar\/wp-content\/uploads\/2012\/06\/foto_s10.jpg\"><img loading=\"lazy\" decoding=\"async\" class=\"wp-image-272 alignright\" title=\"foto_s10\" src=\"http:\/\/tclservicios.com.ar\/wp-content\/uploads\/2012\/06\/foto_s10.jpg\" alt=\"\" width=\"292\" height=\"230\" \/><\/a><\/p>\n<p>como veh\u00edculos, camiones, contenedores y colectivos, tambi\u00e9n aplica para generadores, compresores, escabadoras, etc.<\/p>\n<h1><a href=\"http:\/\/tclservicios.com.ar\/wp-content\/uploads\/2012\/06\/ant_gsm.jpg\"><img loading=\"lazy\" decoding=\"async\" class=\"size-full wp-image-266 alignleft\" title=\"ant_gsm\" src=\"http:\/\/tclservicios.com.ar\/wp-content\/uploads\/2012\/06\/ant_gsm.jpg\" alt=\"\" width=\"253\" height=\"149\" \/><\/a><\/h1>\n<h1><a href=\"http:\/\/tclservicios.com.ar\/wp-content\/uploads\/2012\/06\/ant_gps_tr.jpg\"><img loading=\"lazy\" decoding=\"async\" class=\"wp-image-265 alignright\" title=\"ant_gps_tr\" src=\"http:\/\/tclservicios.com.ar\/wp-content\/uploads\/2012\/06\/ant_gps_tr.jpg\" alt=\"\" width=\"253\" height=\"149\" \/><\/a><\/h1>\n<h1><\/h1>\n<p>&nbsp;<\/p>\n<h1><\/h1>\n<p>&nbsp;<\/p>\n<p>&nbsp;<\/p>\n<p>&nbsp;<\/p>\n<p>&nbsp;<\/p>\n<p>El sistema de monitoreo GPS AVL utiliza tres redes de comunicaciones diferentes para proveer el servicio de seguimiento remoto. La red de sat\u00e9lites de geoposicionamiento global (GPS), la red inal\u00e1mbrica de comunicaci\u00f3n celular GSM\/SMS e Internet.<br \/>\nLa unidad GPS AVL instalada en el movil monitoreado utiliza la se\u00f1al suministrada por los sat\u00e9lites para establecer su posici\u00f3n, velocidad y direcci\u00f3n de desplazamiento. Cuando usted necesite ver la posici\u00f3n del movil, simplemente acceda al servidor web de TCL Servicios Tecnol\u00f3gicos desde cualquier punto con acceso a Internet usando su nombre de usuario y clave de acceso. Un mensaje (SMS) se env\u00eda a la unidad<br \/>\nde monitoreo a trav\u00e9s de la red celular inal\u00e1mbrica GSM, la unidad recibe el mensaje y responde con sus coordenadas de posici\u00f3n, las cuales son desplegadas como un punto sobre el mapa en su pantalla.<\/p>\n<p>&nbsp;<\/p>\n<p>&nbsp;<\/p>\n<p>&nbsp;<\/p>\n","protected":false},"excerpt":{"rendered":"<p>GPS &#8211; AVL La unidad GPS AVL es un dispositivo de monitoreo que adiciona seguridad y capacidad de seguimiento a cualquier activo portable como veh\u00edculos, camiones, contenedores y colectivos, tambi\u00e9n aplica para generadores, compresores, escabadoras, etc. &nbsp; &nbsp; &nbsp; &nbsp; &nbsp; El sistema de monitoreo GPS AVL utiliza tres redes de comunicaciones diferentes para proveer [&hellip;]<\/p>\n","protected":false},"author":3,"featured_media":0,"parent":0,"menu_order":0,"comment_status":"closed","ping_status":"closed","template":"","meta":{"footnotes":""},"class_list":["post-262","page","type-page","status-publish","hentry"],"aioseo_notices":[],"_links":{"self":[{"href":"https:\/\/tclservicios.com.ar\/index.php?rest_route=\/wp\/v2\/pages\/262","targetHints":{"allow":["GET"]}}],"collection":[{"href":"https:\/\/tclservicios.com.ar\/index.php?rest_route=\/wp\/v2\/pages"}],"about":[{"href":"https:\/\/tclservicios.com.ar\/index.php?rest_route=\/wp\/v2\/types\/page"}],"author":[{"embeddable":true,"href":"https:\/\/tclservicios.com.ar\/index.php?rest_route=\/wp\/v2\/users\/3"}],"replies":[{"embeddable":true,"href":"https:\/\/tclservicios.com.ar\/index.php?rest_route=%2Fwp%2Fv2%2Fcomments&post=262"}],"version-history":[{"count":23,"href":"https:\/\/tclservicios.com.ar\/index.php?rest_route=\/wp\/v2\/pages\/262\/revisions"}],"predecessor-version":[{"id":403,"href":"https:\/\/tclservicios.com.ar\/index.php?rest_route=\/wp\/v2\/pages\/262\/revisions\/403"}],"wp:attachment":[{"href":"https:\/\/tclservicios.com.ar\/index.php?rest_route=%2Fwp%2Fv2%2Fmedia&parent=262"}],"curies":[{"name":"wp","href":"https:\/\/api.w.org\/{rel}","templated":true}]}}