{"id":2,"date":"2012-03-17T08:53:12","date_gmt":"2012-03-17T08:53:12","guid":{"rendered":"http:\/\/tclservicios.com.ar\/?page_id=2"},"modified":"2016-02-01T15:11:31","modified_gmt":"2016-02-01T18:11:31","slug":"empresa","status":"publish","type":"page","link":"https:\/\/tclservicios.com.ar\/?page_id=2","title":{"rendered":"La Empresa"},"content":{"rendered":"<p><span style=\"color: #3366ff;\"><strong>TCL Servicios Tecnol\u00f3gicos<\/strong><\/span>, surge de la uni\u00f3n de personas que aportaron sus amplios conocimientos en tecnolog\u00eda y servicios desde distintos aspectos; especialmente basados en la amplia experiencia adquirida por cada uno, durante a\u00f1os, en emprendimientos personales y laborales.<\/p>\n<p>Estamos convencidos que en TCL Servicios Tecnol\u00f3gicos, podr\u00e1n encontrar el asesoramiento profesional adecuado para vuestro emprendimiento, y mejorar desde esta perspectiva el desarrollo y eficiencia en la b\u00fasqueda de la excelencia de su empresa, para as\u00ed obtener los mejores resultados.<\/p>\n","protected":false},"excerpt":{"rendered":"<p>TCL Servicios Tecnol\u00f3gicos, surge de la uni\u00f3n de personas que aportaron sus amplios conocimientos en tecnolog\u00eda y servicios desde distintos aspectos; especialmente basados en la amplia experiencia adquirida por cada uno, durante a\u00f1os, en emprendimientos personales y laborales. Estamos convencidos que en TCL Servicios Tecnol\u00f3gicos, podr\u00e1n encontrar el asesoramiento profesional adecuado para vuestro emprendimiento, y [&hellip;]<\/p>\n","protected":false},"author":3,"featured_media":0,"parent":0,"menu_order":0,"comment_status":"closed","ping_status":"closed","template":"","meta":{"footnotes":""},"class_list":["post-2","page","type-page","status-publish","hentry"],"aioseo_notices":[],"_links":{"self":[{"href":"https:\/\/tclservicios.com.ar\/index.php?rest_route=\/wp\/v2\/pages\/2","targetHints":{"allow":["GET"]}}],"collection":[{"href":"https:\/\/tclservicios.com.ar\/index.php?rest_route=\/wp\/v2\/pages"}],"about":[{"href":"https:\/\/tclservicios.com.ar\/index.php?rest_route=\/wp\/v2\/types\/page"}],"author":[{"embeddable":true,"href":"https:\/\/tclservicios.com.ar\/index.php?rest_route=\/wp\/v2\/users\/3"}],"replies":[{"embeddable":true,"href":"https:\/\/tclservicios.com.ar\/index.php?rest_route=%2Fwp%2Fv2%2Fcomments&post=2"}],"version-history":[{"count":6,"href":"https:\/\/tclservicios.com.ar\/index.php?rest_route=\/wp\/v2\/pages\/2\/revisions"}],"predecessor-version":[{"id":428,"href":"https:\/\/tclservicios.com.ar\/index.php?rest_route=\/wp\/v2\/pages\/2\/revisions\/428"}],"wp:attachment":[{"href":"https:\/\/tclservicios.com.ar\/index.php?rest_route=%2Fwp%2Fv2%2Fmedia&parent=2"}],"curies":[{"name":"wp","href":"https:\/\/api.w.org\/{rel}","templated":true}]}}